{"id":10,"date":"2010-02-13T08:13:24","date_gmt":"2010-02-13T07:13:24","guid":{"rendered":"http:\/\/www.eens.ch\/?page_id=10"},"modified":"2010-09-28T09:08:00","modified_gmt":"2010-09-28T08:08:00","slug":"statuts%ce%9a%ce%b1%cf%84%ce%b1%cf%83%cf%84%ce%b1%cf%84%ce%b9%ce%ba%ce%ac","status":"publish","type":"page","link":"https:\/\/eens.ch\/gr\/statuts%ce%9a%ce%b1%cf%84%ce%b1%cf%83%cf%84%ce%b1%cf%84%ce%b9%ce%ba%ce%ac\/","title":{"rendered":"\u039a\u03b1\u03c4\u03b1\u03c3\u03c4\u03b1\u03c4\u03b9\u03ba\u03ac"},"content":{"rendered":"<p>D\u00e9sol\u00e9, cette article est uniquement disponible en <a href=\"https:\/\/eens.ch\/wp-json\/wp\/v2\/pages\/10\">Fran\u00e7ais<\/a>.<\/p>\n","protected":false},"excerpt":{"rendered":"<p>D\u00e9sol\u00e9, cette article est uniquement disponible en Fran\u00e7ais.<\/p>\n","protected":false},"author":1,"featured_media":0,"parent":0,"menu_order":0,"comment_status":"open","ping_status":"open","template":"","meta":{"footnotes":""},"_links":{"self":[{"href":"https:\/\/eens.ch\/wp-json\/wp\/v2\/pages\/10"}],"collection":[{"href":"https:\/\/eens.ch\/wp-json\/wp\/v2\/pages"}],"about":[{"href":"https:\/\/eens.ch\/wp-json\/wp\/v2\/types\/page"}],"author":[{"embeddable":true,"href":"https:\/\/eens.ch\/wp-json\/wp\/v2\/users\/1"}],"replies":[{"embeddable":true,"href":"https:\/\/eens.ch\/wp-json\/wp\/v2\/comments?post=10"}],"version-history":[{"count":6,"href":"https:\/\/eens.ch\/wp-json\/wp\/v2\/pages\/10\/revisions"}],"predecessor-version":[{"id":12,"href":"https:\/\/eens.ch\/wp-json\/wp\/v2\/pages\/10\/revisions\/12"}],"wp:attachment":[{"href":"https:\/\/eens.ch\/wp-json\/wp\/v2\/media?parent=10"}],"curies":[{"name":"wp","href":"https:\/\/api.w.org\/{rel}","templated":true}]}}