{"id":8,"date":"2009-03-18T16:28:22","date_gmt":"2009-03-18T15:28:22","guid":{"rendered":"http:\/\/www.eens.ch\/?page_id=8"},"modified":"2020-09-29T16:23:42","modified_gmt":"2020-09-29T15:23:42","slug":"contact%ce%b5%cf%80%ce%b1%cf%86%ce%ae","status":"publish","type":"page","link":"https:\/\/eens.ch\/gr\/contact%ce%b5%cf%80%ce%b1%cf%86%ce%ae\/","title":{"rendered":"\u0395\u03c0\u03b1\u03c6\u03ae"},"content":{"rendered":"<p style=\"text-align: center;\"><span style=\"font-size: small;\">\u0395\u039b\u0392\u0395\u03a4\u0399\u039a\u0397 \u0395\u03a4\u0391\u0399\u03a1\u0395\u0399\u0391 \u039d\u0395\u039f\u0395\u039b\u039b\u0397\u039d\u0399\u039a\u03a9\u039d \u03a3\u03a0\u039f\u03a5\u0394\u03a9\u039d<\/span><\/p>\n<p style=\"text-align: center;\">Soci\u00e9t\u00e9 suisse des \u00e9tudes n\u00e9ohell\u00e9niques<\/p>\n<p style=\"text-align: center;\">C\/o Ekkehard Borntraeger<\/p>\n<p style=\"text-align: center;\">C.P. 42 1701 Fribourg (CH)<\/p>\n<p style=\"text-align: center;\"><a href=\"mailto:ewborn@yahoo.com\">ewborn@yahoo.com<\/a><\/p>\n","protected":false},"excerpt":{"rendered":"<p>\u0395\u039b\u0392\u0395\u03a4\u0399\u039a\u0397 \u0395\u03a4\u0391\u0399\u03a1\u0395\u0399\u0391 \u039d\u0395\u039f\u0395\u039b\u039b\u0397\u039d\u0399\u039a\u03a9\u039d \u03a3\u03a0\u039f\u03a5\u0394\u03a9\u039d Soci\u00e9t\u00e9 suisse des \u00e9tudes n\u00e9ohell\u00e9niques C\/o Ekkehard Borntraeger C.P. 42 1701 Fribourg (CH) ewborn@yahoo.com<\/p>\n","protected":false},"author":1,"featured_media":0,"parent":0,"menu_order":1,"comment_status":"open","ping_status":"open","template":"","meta":{"footnotes":""},"_links":{"self":[{"href":"https:\/\/eens.ch\/wp-json\/wp\/v2\/pages\/8"}],"collection":[{"href":"https:\/\/eens.ch\/wp-json\/wp\/v2\/pages"}],"about":[{"href":"https:\/\/eens.ch\/wp-json\/wp\/v2\/types\/page"}],"author":[{"embeddable":true,"href":"https:\/\/eens.ch\/wp-json\/wp\/v2\/users\/1"}],"replies":[{"embeddable":true,"href":"https:\/\/eens.ch\/wp-json\/wp\/v2\/comments?post=8"}],"version-history":[{"count":12,"href":"https:\/\/eens.ch\/wp-json\/wp\/v2\/pages\/8\/revisions"}],"predecessor-version":[{"id":118,"href":"https:\/\/eens.ch\/wp-json\/wp\/v2\/pages\/8\/revisions\/118"}],"wp:attachment":[{"href":"https:\/\/eens.ch\/wp-json\/wp\/v2\/media?parent=8"}],"curies":[{"name":"wp","href":"https:\/\/api.w.org\/{rel}","templated":true}]}}